{"id":55,"date":"2015-05-19T13:55:23","date_gmt":"2015-05-19T13:55:23","guid":{"rendered":"http:\/\/exposec.tmp.br\/16\/?page_id=55"},"modified":"2025-11-03T12:15:41","modified_gmt":"2025-11-03T12:15:41","slug":"sobre-a-tubotech","status":"publish","type":"page","link":"https:\/\/tubotech.com.br\/16\/sobre-a-tubotech\/","title":{"rendered":"Sobre a Tubotech"},"content":{"rendered":"<p><section id=\"bt_section69e6b0771fa85\"  class=\"boldSection inherit\" ><div class=\"port\"><div class=\"boldCell\"><div class=\"boldCellInner\"><div class=\"boldRow \" ><div class=\"boldRowInner\"><div class=\"rowItem col-md-12 col-ms-12  btTextCenter inherit\"  ><div class=\"rowItemContent\" ><div class=\"bpgPhoto btTextCenter\" ><div class = \"btImage\"><img src=\"https:\/\/tubotech.com.br\/16\/wp-content\/uploads\/2023\/01\/tubo-foto-01.png\" alt=\"\" ><\/div><\/div><div class=\"bt_bb_separator_v2 bt_bb_border_style_none bt_bb_top_spacing_medium bt_bb_icon_size_normal bt_bb_text_size_normal bt_bb_separator_v2_without_content\" data-bt-override-class=\"null\"><div class=\"bt_bb_separator_v2_inner\"><span class=\"bt_bb_separator_v2_inner_before\"><\/span><span class=\"bt_bb_separator_v2_inner_content\"><span  data-ico-=\"\" class=\"bt_bb_icon_holder\"><\/span><\/span><span class=\"bt_bb_separator_v2_inner_after\"><\/span><\/div><\/div><header class=\"header btClear large btDash bottomDash  btAccentDash\" ><div class=\"dash\"><h2><span class=\"headline\">TUBOTECH <b class=\"animate\">2027<\/b><\/span><\/h2><\/div><\/header><header class=\"header btClear medium  btNormalDash\" ><div class=\"dash\"><h3><span class=\"headline\">Feira Internacional de Tubos, V\u00e1lvulas, Bombas, Conex\u00f5es e Componentes<\/span><\/h3><\/div><\/header><div class=\"bt_bb_separator_v2 bt_bb_border_style_none bt_bb_top_spacing_small bt_bb_icon_size_normal bt_bb_text_size_normal bt_bb_separator_v2_without_content\" data-bt-override-class=\"null\"><div class=\"bt_bb_separator_v2_inner\"><span class=\"bt_bb_separator_v2_inner_before\"><\/span><span class=\"bt_bb_separator_v2_inner_content\"><span  data-ico-=\"\" class=\"bt_bb_icon_holder\"><\/span><\/span><span class=\"bt_bb_separator_v2_inner_after\"><\/span><\/div><\/div><\/div><\/div><\/div><\/div><\/div><\/div><\/div><\/section><section id=\"bt_section69e6b077204ba\"  class=\"boldSection gutter inherit\" style=\"font-size:17px;\"><div class=\"port\"><div class=\"boldCell\"><div class=\"boldCellInner\"><div class=\"boldRow \" style=\"font-size: 17px;\"><div class=\"boldRowInner\"><div class=\"rowItem col-md-12 col-ms-12  btTextLeft inherit\"  ><div class=\"rowItemContent\" ><div class=\"btText\" ><\/p>\n<p>Organizada e promovida pela <strong><a href=\"http:\/\/fieramilano.com.br\/\">Fiera Milano Brasil<\/a><\/strong>,\u00a0a <strong>TUBOTECH \u2013 Feira Internacional de Tubos, V\u00e1lvulas, Bombas, Conex\u00f5es e Componentes<\/strong> \u00e9 considerada a principal vitrine e o verdadeiro ponto de encontro das Am\u00e9ricas para o setor.<\/p>\n<p>Em 2027, realizar\u00e1 a sua <strong>14\u00aa edi\u00e7\u00e3o<\/strong> entre os dias <strong>27 a 29 de outubro<\/strong>, no S\u00e3o Paulo Expo Exhibition &amp; Convention Center, em S\u00e3o Paulo, quando fabricantes, distribuidores e prestadores de servi\u00e7os das \u00e1reas de tubos, v\u00e1lvulas, bombas e motobombas, conex\u00f5es, m\u00e1quinas e equipamentos e uma s\u00e9rie de outros componentes e acess\u00f3rios apresentar\u00e3o alta tecnologia, inova\u00e7\u00f5es e as \u00faltimas tend\u00eancias e solu\u00e7\u00f5es para um p\u00fablico altamente qualificado, formado por profissionais dos setores de petr\u00f3leo, g\u00e1s, automotivo, constru\u00e7\u00e3o civil, moveleiro, qu\u00edmico, petroqu\u00edmico, farmac\u00eautico, bebidas e infraestrutura, minera\u00e7\u00e3o, dentre muitos outros.<\/p>\n<p>Simultaneamente, acontecer\u00e1 a <strong><a href=\"https:\/\/wiresa.com.br\" target=\"_blank\" rel=\"noopener noreferrer\">Wire Brasil \u2013 Feira Internacional de Fios e Cabos<\/a><\/strong>, cujos produtos e visitantes t\u00eam grande sinergia com os p\u00fablicos da Tubotech.<\/p>\n<p>Os eventos conjuntos ter\u00e3o a participa\u00e7\u00e3o de centenas de expositores nacionais e internacionais, em \u00e1rea expositiva de 20.000 m\u00b2, com p\u00fablico estimado em 12 mil profissionais do setor.<\/p>\n<p>Ser\u00e1 um verdadeiro show de tecnologia e uma oportunidade imperd\u00edvel para fomento de neg\u00f3cios, interc\u00e2mbio de informa\u00e7\u00f5es e de conhecimento t\u00e9cnico.<\/p>\n<p>Participe!<\/p>\n<p>\n<\/div><div class=\"bt_bb_separator_v2 bt_bb_border_style_none bt_bb_top_spacing_normal bt_bb_icon_size_normal bt_bb_text_size_normal bt_bb_separator_v2_without_content\" data-bt-override-class=\"null\"><div class=\"bt_bb_separator_v2_inner\"><span class=\"bt_bb_separator_v2_inner_before\"><\/span><span class=\"bt_bb_separator_v2_inner_content\"><span  data-ico-=\"\" class=\"bt_bb_icon_holder\"><\/span><\/span><span class=\"bt_bb_separator_v2_inner_after\"><\/span><\/div><\/div><\/div><\/div><\/div><\/div><\/div><\/div><\/div><\/section><\/p>\n","protected":false},"excerpt":{"rendered":"","protected":false},"author":2,"featured_media":2525,"parent":0,"menu_order":0,"comment_status":"closed","ping_status":"closed","template":"","meta":[],"aioseo_notices":[],"_links":{"self":[{"href":"https:\/\/tubotech.com.br\/16\/wp-json\/wp\/v2\/pages\/55"}],"collection":[{"href":"https:\/\/tubotech.com.br\/16\/wp-json\/wp\/v2\/pages"}],"about":[{"href":"https:\/\/tubotech.com.br\/16\/wp-json\/wp\/v2\/types\/page"}],"author":[{"embeddable":true,"href":"https:\/\/tubotech.com.br\/16\/wp-json\/wp\/v2\/users\/2"}],"replies":[{"embeddable":true,"href":"https:\/\/tubotech.com.br\/16\/wp-json\/wp\/v2\/comments?post=55"}],"version-history":[{"count":38,"href":"https:\/\/tubotech.com.br\/16\/wp-json\/wp\/v2\/pages\/55\/revisions"}],"predecessor-version":[{"id":12183,"href":"https:\/\/tubotech.com.br\/16\/wp-json\/wp\/v2\/pages\/55\/revisions\/12183"}],"wp:featuredmedia":[{"embeddable":true,"href":"https:\/\/tubotech.com.br\/16\/wp-json\/wp\/v2\/media\/2525"}],"wp:attachment":[{"href":"https:\/\/tubotech.com.br\/16\/wp-json\/wp\/v2\/media?parent=55"}],"curies":[{"name":"wp","href":"https:\/\/api.w.org\/{rel}","templated":true}]}}