{"id":446,"date":"2015-09-11T14:55:51","date_gmt":"2015-09-11T14:55:51","guid":{"rendered":"http:\/\/exposec.tmp.br\/16\/?page_id=446"},"modified":"2020-08-26T13:56:18","modified_gmt":"2020-08-26T13:56:18","slug":"duvidas-frequentes-expositor","status":"publish","type":"page","link":"https:\/\/tubotech.com.br\/16\/duvidas-frequentes-expositor\/","title":{"rendered":"D\u00favidas Frequentes"},"content":{"rendered":"<p><section id=\"bt_section69de05ec85f93\"  class=\"boldSection inherit\" ><div class=\"port\"><div class=\"boldCell\"><div class=\"boldCellInner\"><div class=\"boldRow \" ><div class=\"boldRowInner\"><div class=\"rowItem col-md-12 col-ms-12  btTextCenter inherit\"  ><div class=\"rowItemContent\" ><div class=\"bt_bb_separator_v2 bt_bb_border_style_none bt_bb_top_spacing_medium bt_bb_icon_size_normal bt_bb_text_size_normal bt_bb_separator_v2_without_content\" data-bt-override-class=\"null\"><div class=\"bt_bb_separator_v2_inner\"><span class=\"bt_bb_separator_v2_inner_before\"><\/span><span class=\"bt_bb_separator_v2_inner_content\"><span  data-ico-=\"\" class=\"bt_bb_icon_holder\"><\/span><\/span><span class=\"bt_bb_separator_v2_inner_after\"><\/span><\/div><\/div><header class=\"header btClear large btDash bottomDash  btNormalDash\" ><div class=\"dash\"><h2><span class=\"headline\">EXPOSITORES &#8211; <b class=\"animate\">D\u00daVIDAS FREQUENTES<\/b><\/span><\/h2><\/div><\/header><\/div><\/div><\/div><\/div><\/div><\/div><\/div><\/section><section id=\"bt_section69de05ec862c3\"  class=\"boldSection gutter inherit\" style=\"font-size:17px;\"><div class=\"port\"><div class=\"boldCell\"><div class=\"boldCellInner\"><div class=\"boldRow \" ><div class=\"boldRowInner\"><div class=\"rowItem col-md-12 col-ms-12  btTextLeft inherit\"  ><div class=\"rowItemContent\" ><div class=\"bt_bb_separator_v2 bt_bb_border_style_none bt_bb_top_spacing_small bt_bb_icon_size_normal bt_bb_text_size_normal bt_bb_separator_v2_without_content\" data-bt-override-class=\"null\"><div class=\"bt_bb_separator_v2_inner\"><span class=\"bt_bb_separator_v2_inner_before\"><\/span><span class=\"bt_bb_separator_v2_inner_content\"><span  data-ico-=\"\" class=\"bt_bb_icon_holder\"><\/span><\/span><span class=\"bt_bb_separator_v2_inner_after\"><\/span><\/div><\/div><div class=\"btText\" ><div class=\"hrf-faq-list\">\n<article class=\"hrf-entry\" id=\"hrf-entry-1398\">\n<h3 class=\"hrf-title close-faq\" data-content-id=\"hrf-content-1398\"><span><\/span>1. Onde eu encontro todas as normas e regulamentos para a minha participa\u00e7\u00e3o no evento?<\/h3>\n<div class=\"hrf-content\" id=\"hrf-content-1398\">\n<p>Todas as normas espec\u00edficas, bem como, as orienta\u00e7\u00f5es quanto ao recolhimento de taxas obrigat\u00f3rias estar\u00e3o\u00a0dispon\u00edveis no <strong>Portal\u00a0do Expositor\u00a0(em breve)<\/strong>. Voc\u00ea receber\u00e1 seu login e senha de acesso ao site ap\u00f3s o envio do contrato formalizado.<\/p>\n<\/div>\n<\/article>\n<article class=\"hrf-entry\" id=\"hrf-entry-1399\">\n<h3 class=\"hrf-title close-faq\" data-content-id=\"hrf-content-1399\"><span><\/span>2. A partir de qual data as normas especificas estar\u00e3o dispon\u00edveis no Manual do Expositor?<\/h3>\n<div class=\"hrf-content\" id=\"hrf-content-1399\">\n<p>As normas do evento s\u00e3o disponibilizadas no <strong>Portal\u00a0do Expositor\u00a0(em breve)<\/strong>\u00a0sempre 90 dias antes do in\u00edcio da data de montagem.<\/p>\n<\/div>\n<\/article>\n<article class=\"hrf-entry\" id=\"hrf-entry-1400\">\n<h3 class=\"hrf-title close-faq\" data-content-id=\"hrf-content-1400\"><span><\/span>3. Quais s\u00e3o as datas\/hor\u00e1rios de montagem e desmontagem?<\/h3>\n<div class=\"hrf-content\" id=\"hrf-content-1400\">\n<table width=\"600\">\n<tbody>\n<tr>\n<td style=\"text-align: center; color: #ffffff;\" colspan=\"2\" rowspan=\"1\" bgcolor=\"#C00C0E\" height=\"30\"><strong>\u00a0AGENDA DA FEIRA<\/strong><\/td>\n<\/tr>\n<tr>\n<td style=\"vertical-align: middle;\" rowspan=\"2\" valign=\"middle\" bgcolor=\"#F0F0F0\"><strong>MONTAGEM<\/strong><\/td>\n<td bgcolor=\"#F0F0F0\">In\u00edcio: Em breve<\/td>\n<\/tr>\n<tr>\n<td bgcolor=\"#F0F0F0\">T\u00e9rmino: Em breve<\/td>\n<\/tr>\n<tr>\n<td bgcolor=\"#F0F0F0\"><strong>REALIZA\u00c7\u00c3O<\/strong><\/td>\n<td bgcolor=\"#F0F0F0\">Em breve<\/td>\n<\/tr>\n<tr>\n<td bgcolor=\"#F0F0F0\"><strong>DESMONTAGEM<\/strong><\/td>\n<td bgcolor=\"#F0F0F0\">Em breve<\/td>\n<\/tr>\n<tr>\n<td colspan=\"2\" rowspan=\"1\" bgcolor=\"#F0F0F0\"><strong>OBS:<\/strong>\u00a0 Ser\u00e3o 3 (tr\u00eas) dias de montagem (24h). Lembrando que o atendimento do CAEX \u00e9 das 8h \u00e0s 20h.<\/td>\n<\/tr>\n<tr>\n<td colspan=\"2\" rowspan=\"1\" bgcolor=\"#F0F0F0\">Ser\u00e1 expressamente proibida a entrada de pessoas trajando bermuda, regata ou chinelo, de menores de 16 (dezesseis) anos, mesmo acompanhados de seus respons\u00e1veis. Exceto lactantes at\u00e9 no m\u00e1ximo 01 ano de idade.<\/td>\n<\/tr>\n<\/tbody>\n<\/table>\n<\/div>\n<\/article>\n<article class=\"hrf-entry\" id=\"hrf-entry-1662\">\n<h3 class=\"hrf-title close-faq\" data-content-id=\"hrf-content-1662\"><span><\/span>4. Existe algum sindicato das montadoras?<\/h3>\n<div class=\"hrf-content\" id=\"hrf-content-1662\">\n<p>Sim, sugerimos contratar montadoras filiadas ao <strong>SINDIPROM<\/strong>:<\/p>\n<p><strong>SINDIPROM<br \/>\nTel<\/strong>.: (11) 3120-7099.<br \/>\n<strong>E-mail<\/strong>: <a href=\"mailto:sindiprom@sindiprom.org.br\" target=\"_blank\">sindiprom@sindiprom.org.br<br \/>\n<\/a><strong>Site: <\/strong><a href=\"http:\/\/www.sindiprom.org.br\" target=\"_blank\">www.sindiprom.org.br<\/a><\/p>\n<\/div>\n<\/article>\n<article class=\"hrf-entry\" id=\"hrf-entry-1663\">\n<h3 class=\"hrf-title close-faq\" data-content-id=\"hrf-content-1663\"><span><\/span>5. Os caminh\u00f5es podem entrar no Pavilh\u00e3o durante todo o per\u00edodo de montagem?<\/h3>\n<div class=\"hrf-content\" id=\"hrf-content-1663\">\n<p>O acesso dever\u00e1 ser feito pelo Port\u00e3o de Servi\u00e7os (Rua Miguel Est\u00e9fano, altura do n\u00ba 3000, em frente ao port\u00e3o principal do Jardim Bot\u00e2nico).<strong>\u00a0<\/strong><\/p>\n<p>N\u00e3o \u00e9 poss\u00edvel descarregar no interior do Pavilh\u00e3o.<\/p>\n<\/div>\n<\/article>\n<article class=\"hrf-entry\" id=\"hrf-entry-1402\">\n<h3 class=\"hrf-title close-faq\" data-content-id=\"hrf-content-1402\"><span><\/span>6. Quais os documentos necess\u00e1rios para a montadora poder acessar o Pavilh\u00e3o para iniciar a montagem do meu estande?<\/h3>\n<div class=\"hrf-content\" id=\"hrf-content-1402\">\n<p>Para entrar no Pavilh\u00e3o, a Montadora \/ Expositor dever\u00e1 entregar as vias originais dos documentos abaixo:<\/p>\n<ul>\n<li>Termo de responsabilidade (carimbado e assinado) tanto pelo Expositor quanto pela montadora;<\/li>\n<li>ART ou RRT do estande com o pagamento do recolhimento (a data que deve constar na ART \/ RRT vai desde o primeiro dia de montagem at\u00e9 o \u00faltimo dia da desmontagem do evento);<\/li>\n<li>C\u00f3pia do projeto;<\/li>\n<li>Cheque cau\u00e7\u00e3o para n\u00e3o filiados ao SINDIPROM, ou o comprovante de filia\u00e7\u00e3o para os filiados ao SINDIPROM.<\/li>\n<\/ul>\n<\/div>\n<\/article>\n<article class=\"hrf-entry\" id=\"hrf-entry-1342\">\n<h3 class=\"hrf-title close-faq\" data-content-id=\"hrf-content-1342\"><span><\/span>7. Qual a idade m\u00ednima permitida no Pavilh\u00e3o durante a montagem e desmontagem?<\/h3>\n<div class=\"hrf-content\" id=\"hrf-content-1342\">\n<p>Nos per\u00edodos de montagem e desmontagem n\u00e3o \u00e9 permitida a entrada de menores de 18 anos de idade.<\/p>\n<\/div>\n<\/article>\n<article class=\"hrf-entry\" id=\"hrf-entry-1343\">\n<h3 class=\"hrf-title close-faq\" data-content-id=\"hrf-content-1343\"><span><\/span>8. Qual o endere\u00e7o do Pavilh\u00e3o onde acontecer\u00e1 o evento?<\/h3>\n<div class=\"hrf-content\" id=\"hrf-content-1343\">\n<p><strong>S\u00e3o Paulo Expo Exhibition &amp;\u00a0Convention Center<\/strong><\/p>\n<p><strong>Entrada de Servi\u00e7os<\/strong>: Rodovia dos Imigrantes, km 1,5 \u2013 S\u00e3o Paulo \u2013 SP<\/p>\n<p><a href=\"https:\/\/www.google.com\/maps\/place\/S\u00e3o+Paulo+Expo\/@-23.645074,-46.629405,16z\/data=!4m5!3m4!1s0x0:0x31916ce58f719167!8m2!3d-23.6450738!4d-46.6294055?hl=pt-BR\" target=\"_blank\">Clique aqui<\/a> para ver o mapa.<\/p>\n<\/div>\n<\/article>\n<article class=\"hrf-entry\" id=\"hrf-entry-1344\">\n<h3 class=\"hrf-title close-faq\" data-content-id=\"hrf-content-1344\"><span><\/span>9. Quais documentos eu devo apresentar na entrada do evento?<\/h3>\n<div class=\"hrf-content\" id=\"hrf-content-1344\">\n<p>Para acessar o evento, voc\u00ea dever\u00e1 fazer o seu credenciamento e de seus prestadores de servi\u00e7os pelo <strong>Portal\u00a0do Expositor\u00a0(em breve)<\/strong>\u00a0e ser\u00e1 solicitada a apresenta\u00e7\u00e3o de RG para o acesso ao Pavilh\u00e3o.<\/p>\n<\/div>\n<\/article>\n<article class=\"hrf-entry\" id=\"hrf-entry-1664\">\n<h3 class=\"hrf-title close-faq\" data-content-id=\"hrf-content-1664\"><span><\/span>10. Como proceder para emitir a nota fiscal de remessa para exposi\u00e7\u00e3o?<\/h3>\n<div class=\"hrf-content\" id=\"hrf-content-1664\">\n<p>A nota fiscal para envio das mercadorias a serem expostas dever\u00e1 ser emitida em nome do pr\u00f3prio Expositor com seu CNPJ e Inscri\u00e7\u00e3o Estadual.<\/p>\n<p>Apenas o endere\u00e7o informado na nota dever\u00e1 ser do Pavilh\u00e3o onde acontecer\u00e1 o evento.<\/p>\n<\/div>\n<\/article>\n<article class=\"hrf-entry\" id=\"hrf-entry-1665\">\n<h3 class=\"hrf-title close-faq\" data-content-id=\"hrf-content-1665\"><span><\/span>11. Existe um hor\u00e1rio espec\u00edfico para abastecimento e manuten\u00e7\u00e3o durante a realiza\u00e7\u00e3o do evento?<\/h3>\n<div class=\"hrf-content\" id=\"hrf-content-1665\">\n<p>Sim. \u00c9 autorizada a manuten\u00e7\u00e3o do estande apenas at\u00e9 uma hora antes do hor\u00e1rio de abertura do evento.<\/p>\n<\/div>\n<\/article>\n<article class=\"hrf-entry\" id=\"hrf-entry-1347\">\n<h3 class=\"hrf-title close-faq\" data-content-id=\"hrf-content-1347\"><span><\/span>12. Durante a montagem e desmontagem do evento \u00e9 obrigat\u00f3rio o uso de EPI \u2013 Equipamento de Prote\u00e7\u00e3o Individual?<\/h3>\n<div class=\"hrf-content\" id=\"hrf-content-1347\">\n<p>Sim, o uso de EPI \u00e9 obrigat\u00f3rio para todos que acessarem o Pavilh\u00e3o durante o per\u00edodo de montagem e desmontagem.<\/p>\n<\/div>\n<\/article>\n<article class=\"hrf-entry\" id=\"hrf-entry-1666\">\n<h3 class=\"hrf-title close-faq\" data-content-id=\"hrf-content-1666\"><span><\/span>13. Posso entrar de bermuda e\/ou chinelo?<\/h3>\n<div class=\"hrf-content\" id=\"hrf-content-1666\">\n<p>N\u00e3o \u00e9 permitida a entrada vestindo bermuda, saia, shorts ou cal\u00e7ado aberto durante os per\u00edodos de montagem, decora\u00e7\u00e3o e desmontagem do evento.<\/p>\n<\/div>\n<\/article>\n<article class=\"hrf-entry\" id=\"hrf-entry-1667\">\n<h3 class=\"hrf-title close-faq\" data-content-id=\"hrf-content-1667\"><span><\/span>14. Como acesso o Portal do Expositor?<\/h3>\n<div class=\"hrf-content\" id=\"hrf-content-1667\">\n<p>Clique aqui e acesse o <strong>Portal\u00a0do Expositor\u00a0(em breve)<\/strong>.<\/p>\n<p>Seu usu\u00e1rio e senha ser\u00e3o fornecidos automaticamente ap\u00f3s a valida\u00e7\u00e3o do contrato.<\/p>\n<p>Caso\u00a0n\u00e3o<strong>\u00a0<\/strong>tenha esses dados, entre em contato com o departamento de Opera\u00e7\u00f5es pelo e-mail\u00a0<a href=\"mailto:caex@fieramilano.com.br\">caex@fieramilano.com.br<\/a>.<\/p>\n<\/div>\n<\/article>\n<article class=\"hrf-entry\" id=\"hrf-entry-1668\">\n<h3 class=\"hrf-title close-faq\" data-content-id=\"hrf-content-1668\"><span><\/span>15. Comprei estande com montagem b\u00e1sica. Qual \u00e9 a montadora oficial do evento?<\/h3>\n<div class=\"hrf-content\" id=\"hrf-content-1668\">\n<p><strong>Em breve<\/strong><\/p>\n<p>Para mais informa\u00e7\u00f5es entre em contato com o CAEX.<\/p>\n<p><strong>E-mail:<\/strong> <a href=\"mailto:caex@fieramilano.com.br\">caex@fieramilano.com.br<\/a><\/p>\n<\/div>\n<\/article>\n<article class=\"hrf-entry\" id=\"hrf-entry-1910\">\n<h3 class=\"hrf-title close-faq\" data-content-id=\"hrf-content-1910\"><span><\/span>16. Como cadastro a montadora?<\/h3>\n<div class=\"hrf-content\" id=\"hrf-content-1910\">\n<p>Pelo <strong>Portal\u00a0do Expositor\u00a0(em breve)<\/strong>, acesse: &gt; Formul\u00e1rios &gt; 01. Credenciamento de Montadora. Caso a montadora j\u00e1 esteja cadastrada em nosso sistema basta inserir o CNPJ da empresa e o sistema completar\u00e1 automaticamente o preenchimento e a montadora escolhida receber\u00e1 um login de acesso \u00e0 \u00e1rea espec\u00edfica do prestador de servi\u00e7o. Mas, caso a montadora n\u00e3o tenha cadastro em nosso sistema, basta preencher o formul\u00e1rio com os dados cadastrais da empresa e ao t\u00e9rmino ser\u00e1 encaminhado o login e senha.<\/p>\n<\/div>\n<\/article>\n<article class=\"hrf-entry\" id=\"hrf-entry-1911\">\n<h3 class=\"hrf-title close-faq\" data-content-id=\"hrf-content-1911\"><span><\/span>17. Devo encaminhar o projeto do meu estande para an\u00e1lise?<\/h3>\n<div class=\"hrf-content\" id=\"hrf-content-1911\">\n<p>Sim, o projeto deve ser encaminhado ao e-mail do fiscal t\u00e9cnico (<a href=\"mailto:projetos@fieramilano.com.br\" target=\"_blank\">projetos@fieramilano.com.br<\/a>) 45 dias antes do in\u00edcio da montagem para a devida analise de alturas e recuos.<\/p>\n<\/div>\n<\/article>\n<article class=\"hrf-entry\" id=\"hrf-entry-1912\">\n<h3 class=\"hrf-title close-faq\" data-content-id=\"hrf-content-1912\"><span><\/span>18. Quero contratar servi\u00e7os extras. Como devo proceder?<\/h3>\n<div class=\"hrf-content\" id=\"hrf-content-1912\">\n<p><strong>Expositor:<\/strong> Existem v\u00e1rios servi\u00e7os adicionais dispon\u00edveis para contrata\u00e7\u00e3o por meio do <strong>Portal\u00a0do Expositor\u00a0(em breve)<\/strong>.<\/p>\n<p><strong>Montadora: <\/strong>Em caso de excedente de energia, ponto de hidr\u00e1ulica e ponto de ar comprimido \u00e9 necess\u00e1rio que a Montadora informe o Expositor, para que a solicita\u00e7\u00e3o seja realizada pelo respons\u00e1vel no <strong>Portal\u00a0do Expositor<\/strong>.<\/p>\n<\/div>\n<\/article>\n<article class=\"hrf-entry\" id=\"hrf-entry-1913\">\n<h3 class=\"hrf-title close-faq\" data-content-id=\"hrf-content-1913\"><span><\/span>19. Como devo proceder se perdi o prazo para contratar servi\u00e7os extras?<\/h3>\n<div class=\"hrf-content\" id=\"hrf-content-1913\">\n<p>Ap\u00f3s o prazo, as solicita\u00e7\u00f5es devem ser feitas pelo e-mail: <a href=\"mailto:caex@fieramilano.com.br\" target=\"_blank\">caex@fieramilano.com.br<\/a>.<\/p>\n<\/div>\n<\/article>\n<article class=\"hrf-entry\" id=\"hrf-entry-1669\">\n<h3 class=\"hrf-title close-faq\" data-content-id=\"hrf-content-1669\"><span><\/span>20. Qual a cota de credenciais gratuitas?<\/h3>\n<div class=\"hrf-content\" id=\"hrf-content-1669\">\n<p><strong>Expositor<\/strong><strong>: <\/strong>A quantidade de credenciais gratuitas varia de acordo com a metragem do seu estande. Esta informa\u00e7\u00e3o est\u00e1 dispon\u00edvel no <strong>Portal\u00a0do Expositor\u00a0(em breve)<\/strong>. Ap\u00f3s incluir as credenciais no sistema, o pr\u00f3prio Expositor devidamente identificado, ou um portador identificado e autorizado por carta, dever\u00e1 retirar as credenciais no CAEX a partir do 1\u00ba dia de montagem.<\/p>\n<p><strong>Prestadora de Servi\u00e7os \/ Montadora<\/strong><strong>: <\/strong>As credenciais da Montadora n\u00e3o s\u00e3o gratuitas e todas dever\u00e3o ser solicitadas e pagas pelo Manual Eletr\u00f4nico do Prestador. Montadoras filiadas ao SINDIPROM s\u00e3o isentas do pagamento, desde que fa\u00e7a a solicita\u00e7\u00e3o das credenciais pelo Manual Eletr\u00f4nico e, no momento da retirada, entregue c\u00f3pia das carteirinhas no CAEX \u2013 Centro de Atendimento ao Expositor.<\/p>\n<p><strong>Obs. Geral<\/strong>: Expirado o prazo do site, todas as solicita\u00e7\u00f5es de inclus\u00e3o ou altera\u00e7\u00e3o dever\u00e3o ser feitas pelo e-mail: <a href=\"mailto:caex@fieramilano.com.br\" target=\"_blank\">caex@fieramilano.com.br<\/a>.<\/p>\n<\/div>\n<\/article>\n<article class=\"hrf-entry\" id=\"hrf-entry-1914\">\n<h3 class=\"hrf-title close-faq\" data-content-id=\"hrf-content-1914\"><span><\/span>21. Como preencho os Dados de Divulga\u00e7\u00e3o?<\/h3>\n<div class=\"hrf-content\" id=\"hrf-content-1914\">\n<p>Acesse o <strong>Portal\u00a0do Expositor\u00a0(em breve)<\/strong>\u00a0na aba Formul\u00e1rios.<\/p>\n<p><strong>ATEN\u00c7\u00c3O:<\/strong> Esse formul\u00e1rio tem prazo de preenchimento reduzido por conta da demanda de tempo para diagrama\u00e7\u00e3o e impress\u00e3o do Cat\u00e1logo Oficial do Evento. O prazo para preenchimento est\u00e1 indicado no Manual Eletr\u00f4nico do Expositor em frente a numera\u00e7\u00e3o de cada formul\u00e1rio.<\/p>\n<\/div>\n<\/article>\n<article class=\"hrf-entry\" id=\"hrf-entry-1915\">\n<h3 class=\"hrf-title close-faq\" data-content-id=\"hrf-content-1915\"><span><\/span>22. Qual o procedimento quando perder ou esquecer a credencial?<\/h3>\n<div class=\"hrf-content\" id=\"hrf-content-1915\">\n<p>O solicitante dever\u00e1 comparecer ao CAEX. A 2\u00aa via ter\u00e1 um custo de R$ 25,00 por credencial.<\/p>\n<\/div>\n<\/article>\n<article class=\"hrf-entry\" id=\"hrf-entry-1916\">\n<h3 class=\"hrf-title close-faq\" data-content-id=\"hrf-content-1916\"><span><\/span>23. Qual o procedimento para contratar linha telef\u00f4nica ou internet?<\/h3>\n<div class=\"hrf-content\" id=\"hrf-content-1916\">\n<p>O Expositor dever\u00e1 entrar em contato com a operadora do Pavilh\u00e3o (S\u00e3o Paulo Expo) onde acontecer\u00e1 o evento:<\/p>\n<p><strong>HIPERNET TELECOM<br \/>\nTel.:<\/strong> (11) 3077-5000<br \/>\n<strong>E-mail:<\/strong> <a href=\"mailto:feiras@hipernet.net\" target=\"_blank\">feiras@hipernet.net<\/a><\/p>\n<\/div>\n<\/article>\n<article class=\"hrf-entry\" id=\"hrf-entry-1917\">\n<h3 class=\"hrf-title close-faq\" data-content-id=\"hrf-content-1917\"><span><\/span>24. H\u00e1 Seguran\u00e7a no evento ou devo contratar o servi\u00e7o para o meu estande?<\/h3>\n<div class=\"hrf-content\" id=\"hrf-content-1917\">\n<p>A seguran\u00e7a do evento \u00e9 respons\u00e1vel pelas \u00e1reas comuns e controles de acesso. Assim, n\u00e3o \u00e9 responsabilidade da empresa oficial de seguran\u00e7a da feira zelar pelos produtos expostos nos estandes.<\/p>\n<p>A seguran\u00e7a para o estande pode ser contratada diretamente pelo Manual Eletr\u00f4nico do Expositor com nossa empresa de seguran\u00e7a oficial, ou por outra empresa \u00e0 livre escolha do Expositor, estando ciente que, para a contrata\u00e7\u00e3o de outra empresa que n\u00e3o seja a oficial do Evento, requer a compra de uma credencial de seguran\u00e7a que ser\u00e1 entregue no CAEX mediante a apresenta\u00e7\u00e3o da seguinte documenta\u00e7\u00e3o do profissional indicado:<\/p>\n<p>A seguran\u00e7a do evento \u00e9 respons\u00e1vel pelas \u00e1reas comuns e controles de acesso. Assim, n\u00e3o \u00e9 responsabilidade da empresa oficial de seguran\u00e7a da feira zelar pelos produtos expostos nos estandes.<\/p>\n<p>A seguran\u00e7a para o estande pode ser contratada diretamente pelo Manual Eletr\u00f4nico do Expositor com nossa empresa de seguran\u00e7a oficial, ou por outra empresa \u00e0 livre escolha do Expositor, estando ciente que, para a contrata\u00e7\u00e3o de outra empresa que n\u00e3o seja a oficial do Evento, requer a compra de uma credencial de seguran\u00e7a que ser\u00e1 entregue no CAEX mediante a apresenta\u00e7\u00e3o da seguinte documenta\u00e7\u00e3o do profissional indicado:<\/p>\n<ul>\n<li>Carta de indica\u00e7\u00e3o da empresa de seguran\u00e7a<\/li>\n<li>Carta de indica\u00e7\u00e3o do Expositor, caso n\u00e3o tenha feito pelo Manual Eletr\u00f4nico<\/li>\n<li>C\u00f3pia simples de RG e CPF<\/li>\n<li>Atestado de antecedentes criminais<\/li>\n<li>C\u00f3pia simples do certificado de conclus\u00e3o do curso de seguran\u00e7a com prazo de validade vigente<\/li>\n<li>C\u00f3pia do curso de reciclagem, se for o caso.<\/li>\n<\/ul>\n<\/div>\n<\/article>\n<article class=\"hrf-entry\" id=\"hrf-entry-1918\">\n<h3 class=\"hrf-title close-faq\" data-content-id=\"hrf-content-1918\"><span><\/span>25. Ser\u00e1 disponibilizado algum servi\u00e7o de carregador nos Pavilh\u00f5es?<\/h3>\n<div class=\"hrf-content\" id=\"hrf-content-1918\">\n<p>A Fiera Milano Brasil n\u00e3o disponibiliza esse tipo de servi\u00e7o.<\/p>\n<\/div>\n<\/article>\n<article class=\"hrf-entry\" id=\"hrf-entry-2051\">\n<h3 class=\"hrf-title close-faq\" data-content-id=\"hrf-content-2051\"><span><\/span>26. Haver\u00e1 guarda-volumes no local?<\/h3>\n<div class=\"hrf-content\" id=\"hrf-content-2051\">\n<p class=\"p1\"><span class=\"s1\">Sim. O evento disponibilizar\u00e1 guarda-volumes localizado na entrada da feira.<\/span><\/p>\n<p class=\"p1\"><span class=\"s1\">Todos os expositores e visitantes podem utilizar os servi\u00e7os do Guarda-volumes para guardar seus pertences e circular pela feira com toda praticidade e conforto.<\/span><\/p>\n<p class=\"p1\"><span class=\"s1\"><b>Valor:<\/b> R$ 3o,00 (trinta reais) por volume.<\/span><\/p>\n<p class=\"p1\"><span class=\"s1\"><b>Forma de Pagamento:<\/b> Pix, Dinheiro, Cart\u00e3o de D\u00e9bito ou Cr\u00e9dito.<\/span><\/p>\n<p class=\"p1\"><span class=\"s1\"><b>Ser\u00e3o aceitas:<\/b>\u00a0Bolsas, mochilas e malas.<\/span><\/p>\n<p class=\"p1\"><span class=\"s1\"><b>N\u00e3o ser\u00e3o\u00a0permitidas:<\/b>\u00a0Carteiras e bolsas de m\u00e3o soltas por medida de seguran\u00e7a.<\/span><\/p>\n<p class=\"p1\"><span class=\"s1\"><b>Hor\u00e1rio de funcionamento do Guarda-volumes:<\/b>\u00a0das\u00a0<strong>09h \u00e0s 18h30 <\/strong><\/span>(todos os dias);<\/p>\n<\/div>\n<\/article>\n<\/div>\n<\/div><div class=\"bt_bb_separator_v2 bt_bb_border_style_none bt_bb_top_spacing_normal bt_bb_icon_size_normal bt_bb_text_size_normal bt_bb_separator_v2_without_content\" data-bt-override-class=\"null\"><div class=\"bt_bb_separator_v2_inner\"><span class=\"bt_bb_separator_v2_inner_before\"><\/span><span class=\"bt_bb_separator_v2_inner_content\"><span  data-ico-=\"\" class=\"bt_bb_icon_holder\"><\/span><\/span><span class=\"bt_bb_separator_v2_inner_after\"><\/span><\/div><\/div><\/div><\/div><\/div><\/div><\/div><\/div><\/div><\/section><\/p>\n","protected":false},"excerpt":{"rendered":"","protected":false},"author":2,"featured_media":0,"parent":0,"menu_order":0,"comment_status":"closed","ping_status":"open","template":"","meta":[],"aioseo_notices":[],"_links":{"self":[{"href":"https:\/\/tubotech.com.br\/16\/wp-json\/wp\/v2\/pages\/446"}],"collection":[{"href":"https:\/\/tubotech.com.br\/16\/wp-json\/wp\/v2\/pages"}],"about":[{"href":"https:\/\/tubotech.com.br\/16\/wp-json\/wp\/v2\/types\/page"}],"author":[{"embeddable":true,"href":"https:\/\/tubotech.com.br\/16\/wp-json\/wp\/v2\/users\/2"}],"replies":[{"embeddable":true,"href":"https:\/\/tubotech.com.br\/16\/wp-json\/wp\/v2\/comments?post=446"}],"version-history":[{"count":3,"href":"https:\/\/tubotech.com.br\/16\/wp-json\/wp\/v2\/pages\/446\/revisions"}],"predecessor-version":[{"id":3327,"href":"https:\/\/tubotech.com.br\/16\/wp-json\/wp\/v2\/pages\/446\/revisions\/3327"}],"wp:attachment":[{"href":"https:\/\/tubotech.com.br\/16\/wp-json\/wp\/v2\/media?parent=446"}],"curies":[{"name":"wp","href":"https:\/\/api.w.org\/{rel}","templated":true}]}}