{"id":37,"date":"2015-05-19T13:50:17","date_gmt":"2015-05-19T13:50:17","guid":{"rendered":"http:\/\/exposec.tmp.br\/16\/?page_id=37"},"modified":"2025-11-03T12:16:24","modified_gmt":"2025-11-03T12:16:24","slug":"data-e-local","status":"publish","type":"page","link":"https:\/\/tubotech.com.br\/16\/data-e-local\/","title":{"rendered":"Local e Data"},"content":{"rendered":"<p><section id=\"bt_section69edcc82e9bd1\"  class=\"boldSection inherit\" ><div class=\"port\"><div class=\"boldCell\"><div class=\"boldCellInner\"><div class=\"boldRow \" ><div class=\"boldRowInner\"><div class=\"rowItem col-md-12 col-ms-12  btTextCenter inherit\"  ><div class=\"rowItemContent\" ><div class=\"bt_bb_separator_v2 bt_bb_border_style_none bt_bb_top_spacing_medium bt_bb_icon_size_normal bt_bb_text_size_normal bt_bb_separator_v2_without_content\" data-bt-override-class=\"null\"><div class=\"bt_bb_separator_v2_inner\"><span class=\"bt_bb_separator_v2_inner_before\"><\/span><span class=\"bt_bb_separator_v2_inner_content\"><span  data-ico-=\"\" class=\"bt_bb_icon_holder\"><\/span><\/span><span class=\"bt_bb_separator_v2_inner_after\"><\/span><\/div><\/div><header class=\"header btClear large btDash bottomDash  btAccentDash\" ><div class=\"dash\"><h2><span class=\"headline\">Local e Data <b class=\"animate\">Tubotech 2027<\/b><\/span><\/h2><\/div><\/header><div class=\"btClear btSeparator bottomSmallSpaced noBorder\" ><hr><\/div><\/div><\/div><\/div><\/div><\/div><\/div><\/div><\/section><section id=\"bt_section69edcc82e9ed7\"  class=\"boldSection gutter inherit\" style=\"font-size:17px;\"><div class=\"port\"><div class=\"boldCell\"><div class=\"boldCellInner\"><div class=\"boldRow \" style=\"font-size: 17px;\"><div class=\"boldRowInner\"><div class=\"rowItem col-md-12 col-ms-12  btTextLeft inherit\"  ><div class=\"rowItemContent\" ><div class=\"btText\" ><\/p>\n<p><strong>Data: <\/strong>27 a 29 de outubro de 2027<\/p>\n<p><strong>Hor\u00e1rio:<\/strong> das 10h \u00e0s 19h<\/p>\n<p><strong>Local:<\/strong>\u00a0S\u00e3o Paulo Expo Exhibition &amp; Convention Center<\/p>\n<p><strong>Endere\u00e7o:<\/strong>\u00a0Rodovia dos Imigrantes, KM 1,5 \u2013 \u00c1gua Funda, S\u00e3o Paulo \u2013 SP, 04329-100<\/p>\n<p><strong>Frequ\u00eancia:\u00a0<\/strong>Bienal<\/p>\n<p><strong>Transporte Gratuito:<\/strong><\/p>\n<p>Haver\u00e1 transporte gratuito com in\u00edcio 1 hora antes at\u00e9 1 hora depois do funcionamento da feira.<\/p>\n<p><strong>Ponto de Embarque:<\/strong><\/p>\n<p>Esta\u00e7\u00e3o Santos-Imigrantes do metr\u00f4 (linha 2 \u2013 verde)<\/p>\n<p>Av Ricardo Jafet, s\/n, sentido Imigrantes<\/p>\n<p>As vans ter\u00e3o um intervalo m\u00e9dio de 20 minutos &#8211; podendo variar devido ao tr\u00e2nsito no local.<\/p>\n<p>Procure os colaboradores uniformizados para aux\u00edlio<\/p>\n<p><strong>Estacionamento:<\/strong> O S\u00e3o Paulo Expo Exhibition &amp; Convention Center possui um estacionamento com capacidade para mais de 4.200 ve\u00edculos. Consulte pre\u00e7os e hor\u00e1rio de funcionamento no site <a href=\"http:\/\/www.saopauloexpo.com.br\" target=\"_blank\" rel=\"noopener noreferrer\">www.saopauloexpo.com.br<\/a><\/p>\n<p><strong>T\u00e1xi comum:<\/strong><\/p>\n<ul>\n<li>Aeroporto Congonhas &#8211; Centro de Exposi\u00e7\u00f5es S\u00e3o Paulo Expo: <a href=\"http:\/\/www.tarifadetaxi.com\/sao-paulo?from=Av.%20Washington%20Lu%C3%ADs%2C%20s%2Fn\u00ba%20-%20Vila%20Congonhas%2C%20S\u00e3o%20Paulo%20-%20SP%2C%2004626-911%2C%20Brasil%20%40-23.6273246%2C-46.6565842&amp;to=S\u00e3o%20Paulo%20Expo%3A%20Rod.%20dos%20Imigrantes%2C%201%20-%20Parque%20do%20Estado%20-%20Parque%20do%20Estado%2C%20S\u00e3o%20Paulo%20-%20SP%2C%2004329-100%2C%20Brasil%20%40-23.64363%2C-46.62957&amp;start_loc=-23.627116%2C-46.659381&amp;end_loc=-23.643548%2C-46.630279&amp;auto=1&amp;waypoints=\" target=\"_blank\" rel=\"noopener noreferrer\">(Veja valores)<\/a><\/li>\n<li>Aeroporto Guarulhos &#8211; Centro de Exposi\u00e7\u00f5es S\u00e3o Paulo Expo: <a href=\"http:\/\/www.tarifadetaxi.com\/sao-paulo?from=Rod.%20H\u00e9lio%20Smidt%2C%20s%2Fn\u00ba%20-%20Cumbica%2C%20Guarulhos%20-%20SP%2C%2007190-100%2C%20Brasil%20%40-23.4345529%2C-46.478125999999975&amp;to=S\u00e3o%20Paulo%20Expo%3A%20Rod.%20dos%20Imigrantes%2C%201%20-%20Parque%20do%20Estado%20-%20Parque%20do%20Estado%2C%20S\u00e3o%20Paulo%20-%20SP%2C%2004329-100%2C%20Brasil%20%40-23.64363%2C-46.62957&amp;start_loc=-23.440257%2C-46.479113&amp;end_loc=-23.643548%2C-46.630279&amp;auto=1&amp;waypoints=-23.546049%2C-46.599178\" target=\"_blank\" rel=\"noopener noreferrer\">(Veja valores)<\/a><\/li>\n<\/ul>\n<p>* Os pre\u00e7os acima est\u00e3o sujeitos a altera\u00e7\u00e3o e n\u00e3o s\u00e3o de responsabilidade da Fiera Milano Brasil.<\/p>\n<p>\n<\/div><div class=\"bt_bb_separator_v2 bt_bb_border_style_none bt_bb_top_spacing_normal bt_bb_icon_size_normal bt_bb_text_size_normal bt_bb_separator_v2_without_content\" data-bt-override-class=\"null\"><div class=\"bt_bb_separator_v2_inner\"><span class=\"bt_bb_separator_v2_inner_before\"><\/span><span class=\"bt_bb_separator_v2_inner_content\"><span  data-ico-=\"\" class=\"bt_bb_icon_holder\"><\/span><\/span><span class=\"bt_bb_separator_v2_inner_after\"><\/span><\/div><\/div><\/div><\/div><\/div><\/div><\/div><\/div><\/div><\/section><section id=\"bt_section69edcc82ea408\"  class=\"boldSection bottomSmallSpaced inherit\" ><div class=\"port\"><div class=\"boldCell\"><div class=\"boldCellInner\"><div class=\"boldRow \" ><div class=\"boldRowInner\"><div class=\"rowItem col-md-12 col-ms-12  btTextCenter inherit\"  ><div class=\"rowItemContent\" ><header class=\"header btClear medium  btAccentDash\" ><div class=\"dash\"><h3><span class=\"headline\">Garanta j\u00e1 o seu lugar no maior evento do setor.<\/span><\/h3><\/div><\/header><a href=\"https:\/\/easyexpo.com.br\/v3\/fmilano\/25\/vistubotech\" class=\"btBtn btBtn btnFilledStyle btnAccentColor btnBig btnNormalWidth btnLeftPosition btnIco\" ><span class=\"btnInnerText\">Credenciamento Gratuito<\/span><span class=\"btIco \" ><span  data-ico-fa=\"&#xf101;\" class=\"btIcoHolder\"><em><\/em><\/span><\/span><\/a><\/div><\/div><\/div><\/div><\/div><\/div><\/div><\/section><section id=\"bt_section69edcc82ea5c0\"  class=\"boldSection gutter inherit\" ><div class=\"port\"><div class=\"boldCell\"><div class=\"boldCellInner\"><div class=\"boldRow \" ><div class=\"boldRowInner\"><div class=\"rowItem col-md-12 col-ms-12  btTextCenter inherit\"  ><div class=\"rowItemContent\" ><div class=\"bt_bb_separator_v2 bt_bb_border_style_none bt_bb_top_spacing_normal bt_bb_icon_size_normal bt_bb_text_size_normal bt_bb_separator_v2_without_content\" data-bt-override-class=\"null\"><div class=\"bt_bb_separator_v2_inner\"><span class=\"bt_bb_separator_v2_inner_before\"><\/span><span class=\"bt_bb_separator_v2_inner_content\"><span  data-ico-=\"\" class=\"bt_bb_icon_holder\"><\/span><\/span><span class=\"bt_bb_separator_v2_inner_after\"><\/span><\/div><\/div><div class=\"bt_bb_raw_content\"><iframe style=\"border: 0;\" src=\"https:\/\/www.google.com\/maps\/embed?pb=!1m18!1m12!1m3!1d3654.903545660531!2d-46.6317586845626!3d-23.643625070521594!2m3!1f0!2f0!3f0!3m2!1i1024!2i768!4f13.1!3m3!1m2!1s0x94ce5b2052bc9357%3A0x7e553095224981f7!2sS%C3%A3o+Paulo+Expo!5e0!3m2!1spt-BR!2sbr!4v1487870379068\" width=\"900\" height=\"350\" frameborder=\"0\"><\/iframe><\/div><\/div><\/div><\/div><\/div><\/div><\/div><\/div><\/section><\/p>\n","protected":false},"excerpt":{"rendered":"","protected":false},"author":2,"featured_media":2414,"parent":0,"menu_order":0,"comment_status":"closed","ping_status":"closed","template":"","meta":[],"aioseo_notices":[],"_links":{"self":[{"href":"https:\/\/tubotech.com.br\/16\/wp-json\/wp\/v2\/pages\/37"}],"collection":[{"href":"https:\/\/tubotech.com.br\/16\/wp-json\/wp\/v2\/pages"}],"about":[{"href":"https:\/\/tubotech.com.br\/16\/wp-json\/wp\/v2\/types\/page"}],"author":[{"embeddable":true,"href":"https:\/\/tubotech.com.br\/16\/wp-json\/wp\/v2\/users\/2"}],"replies":[{"embeddable":true,"href":"https:\/\/tubotech.com.br\/16\/wp-json\/wp\/v2\/comments?post=37"}],"version-history":[{"count":32,"href":"https:\/\/tubotech.com.br\/16\/wp-json\/wp\/v2\/pages\/37\/revisions"}],"predecessor-version":[{"id":12184,"href":"https:\/\/tubotech.com.br\/16\/wp-json\/wp\/v2\/pages\/37\/revisions\/12184"}],"wp:featuredmedia":[{"embeddable":true,"href":"https:\/\/tubotech.com.br\/16\/wp-json\/wp\/v2\/media\/2414"}],"wp:attachment":[{"href":"https:\/\/tubotech.com.br\/16\/wp-json\/wp\/v2\/media?parent=37"}],"curies":[{"name":"wp","href":"https:\/\/api.w.org\/{rel}","templated":true}]}}