{"id":330,"date":"2015-09-10T20:57:47","date_gmt":"2015-09-10T20:57:47","guid":{"rendered":"http:\/\/exposec.tmp.br\/16\/?page_id=330"},"modified":"2025-08-14T20:44:28","modified_gmt":"2025-08-14T20:44:28","slug":"oportunidades-de-merchandising","status":"publish","type":"page","link":"https:\/\/tubotech.com.br\/16\/oportunidades-de-merchandising\/","title":{"rendered":"Oportunidades de Merchandising"},"content":{"rendered":"\t\t<div data-elementor-type=\"wp-page\" data-elementor-id=\"330\" class=\"elementor elementor-330\">\n\t\t\t\t\t\t\t\t\t<section class=\"elementor-section elementor-top-section elementor-element elementor-element-d9469b8 elementor-section-boxed elementor-section-height-default elementor-section-height-default\" data-id=\"d9469b8\" data-element_type=\"section\">\n\t\t\t\t\t\t<div class=\"elementor-container elementor-column-gap-default\">\n\t\t\t\t\t<div class=\"elementor-column elementor-col-100 elementor-top-column elementor-element elementor-element-4e5ae5b\" data-id=\"4e5ae5b\" data-element_type=\"column\">\n\t\t\t<div class=\"elementor-widget-wrap elementor-element-populated\">\n\t\t\t\t\t\t\t\t<div class=\"elementor-element elementor-element-329ad4f elementor-widget elementor-widget-heading\" data-id=\"329ad4f\" data-element_type=\"widget\" data-widget_type=\"heading.default\">\n\t\t\t\t<div class=\"elementor-widget-container\">\n\t\t\t<h2 class=\"elementor-heading-title elementor-size-default\">OPORTUNIDADES DE MERCHANDISING<\/h2>\t\t<\/div>\n\t\t\t\t<\/div>\n\t\t\t\t<div class=\"elementor-element elementor-element-8bec271 elementor-widget elementor-widget-text-editor\" data-id=\"8bec271\" data-element_type=\"widget\" data-widget_type=\"text-editor.default\">\n\t\t\t\t<div class=\"elementor-widget-container\">\n\t\t\t\t\t\t\t<p>Para obter o m\u00e1ximo proveito na\u00a0<strong>Tubotech 2025<\/strong>, a Fiera Milano Brasil lhe oferece a oportunidade de incrementar sua participa\u00e7\u00e3o com op\u00e7\u00f5es de merchandising que aumentar\u00e3o a sua visibilidade na feira, fazendo com que sua empresa se destaque dos concorrentes.<\/p>\t\t\t\t\t\t<\/div>\n\t\t\t\t<\/div>\n\t\t\t\t<div class=\"elementor-element elementor-element-fd1bb26 elementor-widget elementor-widget-html\" data-id=\"fd1bb26\" data-element_type=\"widget\" data-widget_type=\"html.default\">\n\t\t\t\t<div class=\"elementor-widget-container\">\n\t\t\t<iframe loading=\"lazy\" src=\"https:\/\/wirebrasil.com.br\/25\/email-marketing\/Catalogo%20Merchandising%202025_TUBOTECH-WIRE.pdf\" width=\"100%\" height=\"600px\" style=\"border: none;\" title=\"Cat\u00e1logo Tubotech 2025\"><\/iframe>\n\t\t<\/div>\n\t\t\t\t<\/div>\n\t\t\t\t\t<\/div>\n\t\t<\/div>\n\t\t\t\t\t\t\t<\/div>\n\t\t<\/section>\n\t\t\t\t<section class=\"elementor-section elementor-top-section elementor-element elementor-element-f2acfcb elementor-section-boxed elementor-section-height-default elementor-section-height-default\" data-id=\"f2acfcb\" data-element_type=\"section\" data-settings=\"{&quot;background_background&quot;:&quot;classic&quot;}\">\n\t\t\t\t\t\t<div class=\"elementor-container elementor-column-gap-default\">\n\t\t\t\t\t<div class=\"elementor-column elementor-col-100 elementor-top-column elementor-element elementor-element-3e75580\" data-id=\"3e75580\" data-element_type=\"column\">\n\t\t\t<div class=\"elementor-widget-wrap elementor-element-populated\">\n\t\t\t\t\t\t\t\t<section class=\"elementor-section elementor-inner-section elementor-element elementor-element-9b7768a elementor-section-boxed elementor-section-height-default elementor-section-height-default\" data-id=\"9b7768a\" data-element_type=\"section\">\n\t\t\t\t\t\t<div class=\"elementor-container elementor-column-gap-default\">\n\t\t\t\t\t<div class=\"elementor-column elementor-col-100 elementor-inner-column elementor-element elementor-element-08de3d5\" data-id=\"08de3d5\" data-element_type=\"column\">\n\t\t\t<div class=\"elementor-widget-wrap elementor-element-populated\">\n\t\t\t\t\t\t\t\t<div class=\"elementor-element elementor-element-8a87a63 elementor-widget elementor-widget-heading\" data-id=\"8a87a63\" data-element_type=\"widget\" data-widget_type=\"heading.default\">\n\t\t\t\t<div class=\"elementor-widget-container\">\n\t\t\t<h3 class=\"elementor-heading-title elementor-size-default\">Se preferir escolha um dos canais de atendimento abaixo:<\/h3>\t\t<\/div>\n\t\t\t\t<\/div>\n\t\t\t\t\t<\/div>\n\t\t<\/div>\n\t\t\t\t\t\t\t<\/div>\n\t\t<\/section>\n\t\t\t\t<section class=\"elementor-section elementor-inner-section elementor-element elementor-element-81c7120 elementor-section-boxed elementor-section-height-default elementor-section-height-default\" data-id=\"81c7120\" data-element_type=\"section\">\n\t\t\t\t\t\t<div class=\"elementor-container elementor-column-gap-default\">\n\t\t\t\t\t<div class=\"elementor-column elementor-col-50 elementor-inner-column elementor-element elementor-element-60e20cd\" data-id=\"60e20cd\" data-element_type=\"column\">\n\t\t\t<div class=\"elementor-widget-wrap elementor-element-populated\">\n\t\t\t\t\t\t\t\t<div class=\"elementor-element elementor-element-de8e0c7 elementor-view-stacked elementor-shape-square elementor-position-top elementor-mobile-position-top elementor-widget elementor-widget-icon-box\" data-id=\"de8e0c7\" data-element_type=\"widget\" data-widget_type=\"icon-box.default\">\n\t\t\t\t<div class=\"elementor-widget-container\">\n\t\t\t\t\t<div class=\"elementor-icon-box-wrapper\">\n\t\t\t\t\t\t<div class=\"elementor-icon-box-icon\">\n\t\t\t\t<span class=\"elementor-icon elementor-animation-\" >\n\t\t\t\t<i aria-hidden=\"true\" class=\"fas fa-phone-alt\"><\/i>\t\t\t\t<\/span>\n\t\t\t<\/div>\n\t\t\t\t\t\t<div class=\"elementor-icon-box-content\">\n\t\t\t\t<h4 class=\"elementor-icon-box-title\">\n\t\t\t\t\t<span  >\n\t\t\t\t\t\tTelefones\t\t\t\t\t<\/span>\n\t\t\t\t<\/h4>\n\t\t\t\t\t\t\t\t\t<p class=\"elementor-icon-box-description\">\n\t\t\t\t\t\t+55 (11) 5585-4355<br \/>\n+55 (11) 3159-1010\t\t\t\t\t<\/p>\n\t\t\t\t\t\t\t<\/div>\n\t\t<\/div>\n\t\t\t\t<\/div>\n\t\t\t\t<\/div>\n\t\t\t\t\t<\/div>\n\t\t<\/div>\n\t\t\t\t<div class=\"elementor-column elementor-col-50 elementor-inner-column elementor-element elementor-element-3d7d6b0\" data-id=\"3d7d6b0\" data-element_type=\"column\">\n\t\t\t<div class=\"elementor-widget-wrap elementor-element-populated\">\n\t\t\t\t\t\t\t\t<div class=\"elementor-element elementor-element-a5594e8 elementor-view-stacked elementor-shape-square elementor-position-top elementor-mobile-position-top elementor-widget elementor-widget-icon-box\" data-id=\"a5594e8\" data-element_type=\"widget\" data-widget_type=\"icon-box.default\">\n\t\t\t\t<div class=\"elementor-widget-container\">\n\t\t\t\t\t<div class=\"elementor-icon-box-wrapper\">\n\t\t\t\t\t\t<div class=\"elementor-icon-box-icon\">\n\t\t\t\t<a class=\"elementor-icon elementor-animation-\" href=\"mailto:comercial@fieramilano.com.br\">\n\t\t\t\t<i aria-hidden=\"true\" class=\"far fa-envelope\"><\/i>\t\t\t\t<\/a>\n\t\t\t<\/div>\n\t\t\t\t\t\t<div class=\"elementor-icon-box-content\">\n\t\t\t\t<h4 class=\"elementor-icon-box-title\">\n\t\t\t\t\t<a href=\"mailto:comercial@fieramilano.com.br\" >\n\t\t\t\t\t\tE-mail\t\t\t\t\t<\/a>\n\t\t\t\t<\/h4>\n\t\t\t\t\t\t\t\t\t<p class=\"elementor-icon-box-description\">\n\t\t\t\t\t\tcomercial@fieramilano.com.br\t\t\t\t\t<\/p>\n\t\t\t\t\t\t\t<\/div>\n\t\t<\/div>\n\t\t\t\t<\/div>\n\t\t\t\t<\/div>\n\t\t\t\t\t<\/div>\n\t\t<\/div>\n\t\t\t\t\t\t\t<\/div>\n\t\t<\/section>\n\t\t\t\t\t<\/div>\n\t\t<\/div>\n\t\t\t\t\t\t\t<\/div>\n\t\t<\/section>\n\t\t\t\t\t\t\t<\/div>\n\t\t","protected":false},"excerpt":{"rendered":"<p>OPORTUNIDADES DE MERCHANDISING Para obter o m\u00e1ximo proveito na\u00a0Tubotech 2025, a Fiera Milano Brasil lhe oferece a oportunidade de incrementar [&hellip;]<\/p>\n","protected":false},"author":2,"featured_media":2400,"parent":0,"menu_order":0,"comment_status":"closed","ping_status":"closed","template":"","meta":[],"aioseo_notices":[],"_links":{"self":[{"href":"https:\/\/tubotech.com.br\/16\/wp-json\/wp\/v2\/pages\/330"}],"collection":[{"href":"https:\/\/tubotech.com.br\/16\/wp-json\/wp\/v2\/pages"}],"about":[{"href":"https:\/\/tubotech.com.br\/16\/wp-json\/wp\/v2\/types\/page"}],"author":[{"embeddable":true,"href":"https:\/\/tubotech.com.br\/16\/wp-json\/wp\/v2\/users\/2"}],"replies":[{"embeddable":true,"href":"https:\/\/tubotech.com.br\/16\/wp-json\/wp\/v2\/comments?post=330"}],"version-history":[{"count":40,"href":"https:\/\/tubotech.com.br\/16\/wp-json\/wp\/v2\/pages\/330\/revisions"}],"predecessor-version":[{"id":11685,"href":"https:\/\/tubotech.com.br\/16\/wp-json\/wp\/v2\/pages\/330\/revisions\/11685"}],"wp:featuredmedia":[{"embeddable":true,"href":"https:\/\/tubotech.com.br\/16\/wp-json\/wp\/v2\/media\/2400"}],"wp:attachment":[{"href":"https:\/\/tubotech.com.br\/16\/wp-json\/wp\/v2\/media?parent=330"}],"curies":[{"name":"wp","href":"https:\/\/api.w.org\/{rel}","templated":true}]}}