{"id":3099,"date":"2020-08-19T17:56:11","date_gmt":"2020-08-19T17:56:11","guid":{"rendered":"https:\/\/tubotech.com.br\/16\/?page_id=3099"},"modified":"2022-03-30T19:58:01","modified_gmt":"2022-03-30T19:58:01","slug":"politica-de-cookies","status":"publish","type":"page","link":"https:\/\/tubotech.com.br\/16\/politica-de-cookies\/","title":{"rendered":"Pol\u00edtica de Cookies"},"content":{"rendered":"<p><strong>DA POL\u00cdTICA DE COOKIES<\/strong><\/p>\n<p>Os sites da Fiera Milano Brasil utilizam cookies e nossa Pol\u00edtica de Cookies informa o que s\u00e3o cookies, como podemos us\u00e1-los, os tipos de cookies que usamos e como voc\u00ea pode recus\u00e1-los.<\/p>\n<p>Esta pol\u00edtica abrange:<\/p>\n<ul>\n<li>O que s\u00e3o cookies?<\/li>\n<li>Como usamos cookies?<\/li>\n<li>Ser\u00e1 que os cookies recolhem os meus dados pessoais?<\/li>\n<li>Posso dizer n\u00e3o a eles?<\/li>\n<li>Nossa lista de cookies<\/li>\n<li>Google Analytics<\/li>\n<li>Como fa\u00e7o para resetar ou apagar cookies?<\/li>\n<li>Como nos contactar<\/li>\n<li>Altera\u00e7\u00f5es da nossa pol\u00edtica de cookies<\/li>\n<\/ul>\n<p>Esta Pol\u00edtica de Cookies deve ser lida em conjunto com os nossos Termos do Site e Condi\u00e7\u00f5es e Pol\u00edtica de Privacidade.<\/p>\n<p><strong>O QUE S\u00c3O COOKIES?<\/strong><\/p>\n<p>Cookies s\u00e3o pequenos arquivos de texto que podem definir prefer\u00eancias, dependendo de suas escolhas no seu dispositivo quando visita o nosso website; um cookie normalmente \u00e9 um arquivo de texto contendo um n\u00famero de identifica\u00e7\u00e3o an\u00f4nima exclusiva arbitr\u00e1ria. Quando voc\u00ea voltar a visitar o nosso site o site ir\u00e1 procurar os cookies para ver se voc\u00ea tem visitado anteriormente.<\/p>\n<p>Existem duas grandes categorias de cookies:<\/p>\n<ul>\n<li>Os cookies persistentes: estes permanecem no dispositivo at\u00e9 ser removido manualmente ou automaticamente.<\/li>\n<li>Os cookies de sess\u00e3o: estes permanecem no seu dispositivo at\u00e9 que voc\u00ea fechar o navegador quando eles s\u00e3o exclu\u00eddos automaticamente.<\/li>\n<\/ul>\n<p><strong>\u00a0<\/strong><\/p>\n<p><strong>COMO USAMOS COOKIES?<\/strong><\/p>\n<p>N\u00f3s usamos cookies para personalizar o conte\u00fado que voc\u00ea recebe do nosso site, por exemplo:<\/p>\n<ul>\n<li>Tornar a navega\u00e7\u00e3o mais f\u00e1cil, e permitir que as nossas p\u00e1ginas sejam exibidas corretamente<\/li>\n<li>Identificar se voc\u00ea vem de outro site das feiras da Fiera Milano Brasil ou um dos nossos parceiros<\/li>\n<li>Analisar o desempenho do nosso site com base em dados an\u00f4nimos relacionados com a sua navega\u00e7\u00e3o (por exemplo, p\u00e1ginas visitadas, n\u00famero de visitas, etc); usamos o Google Analytics para esta finalidade<\/li>\n<\/ul>\n<p>Os cookies utilizados pela Fiera Milano Brasil neste site s\u00e3o concebidos para serem utilizados apenas por n\u00f3s ou pelas partes que trabalham em nosso nome.<\/p>\n<p><strong>SER\u00c1 QUE OS COOKIES RECOLHEM OS MEUS DADOS PESSOAIS?<\/strong><\/p>\n<p>Tecnologia de cookies n\u00e3o coletam informa\u00e7\u00f5es que permitem tornar voc\u00ea pessoalmente identific\u00e1vel. Ele pode ser usado para identific\u00e1-lo como um visitante \u00fanico, mas an\u00f4nimo a um site.<\/p>\n<p><strong>POSSO DIZER N\u00c3O A ELES?<\/strong><\/p>\n<p>Voc\u00ea pode se recusar a aceitar alguns ou todos os cookies, basta ativar as configura\u00e7\u00f5es do seu navegador que lhe permite fazer isso.<\/p>\n<p>Voc\u00ea precisa estar ciente de que embora se voc\u00ea excluir todos os cookies que voc\u00ea pode n\u00e3o ser capaz de aceder a determinadas partes do nosso site e podemos pensar que voc\u00ea nunca nos visitou antes e, portanto, servir-lhe com o nosso Aviso de Cookies novamente.<\/p>\n<p><strong>GOOGLE ANALYTICS<\/strong><\/p>\n<p>Este site tamb\u00e9m usa o Google Analytics, um servi\u00e7o de an\u00e1lise fornecido pelo Google, Inc. ( &#8220;Google&#8221;). O Google Analytics utiliza cookies para ajudar na an\u00e1lise de navega\u00e7\u00e3o do site.<\/p>\n<p><strong>CONTATO<\/strong><\/p>\n<p>Use os dados apropriados de contato (e-mail, telefone ou correio), se deseja exercer qualquer dos seus direitos ou se voc\u00ea tiver quaisquer outras quest\u00f5es relacionadas com o uso de suas informa\u00e7\u00f5es.<\/p>\n<p><strong>ALTERA\u00c7\u00d5ES DA NOSSA POL\u00cdTICA DE COOKIES<\/strong><\/p>\n<p>A Fiera Milano Brasil pode atualizar esta pol\u00edtica a qualquer momento, por favor, verifique esta p\u00e1gina regularmente.<\/p>\n<p>Esta pol\u00edtica foi atualizada em julho de 2020.<\/p>\n","protected":false},"excerpt":{"rendered":"<p>DA POL\u00cdTICA DE COOKIES Os sites da Fiera Milano Brasil utilizam cookies e nossa Pol\u00edtica de Cookies informa o que [&hellip;]<\/p>\n","protected":false},"author":2,"featured_media":0,"parent":0,"menu_order":0,"comment_status":"closed","ping_status":"closed","template":"","meta":[],"aioseo_notices":[],"_links":{"self":[{"href":"https:\/\/tubotech.com.br\/16\/wp-json\/wp\/v2\/pages\/3099"}],"collection":[{"href":"https:\/\/tubotech.com.br\/16\/wp-json\/wp\/v2\/pages"}],"about":[{"href":"https:\/\/tubotech.com.br\/16\/wp-json\/wp\/v2\/types\/page"}],"author":[{"embeddable":true,"href":"https:\/\/tubotech.com.br\/16\/wp-json\/wp\/v2\/users\/2"}],"replies":[{"embeddable":true,"href":"https:\/\/tubotech.com.br\/16\/wp-json\/wp\/v2\/comments?post=3099"}],"version-history":[{"count":4,"href":"https:\/\/tubotech.com.br\/16\/wp-json\/wp\/v2\/pages\/3099\/revisions"}],"predecessor-version":[{"id":3571,"href":"https:\/\/tubotech.com.br\/16\/wp-json\/wp\/v2\/pages\/3099\/revisions\/3571"}],"wp:attachment":[{"href":"https:\/\/tubotech.com.br\/16\/wp-json\/wp\/v2\/media?parent=3099"}],"curies":[{"name":"wp","href":"https:\/\/api.w.org\/{rel}","templated":true}]}}