{"id":248,"date":"2015-09-10T14:19:38","date_gmt":"2015-09-10T14:19:38","guid":{"rendered":"http:\/\/exposec.tmp.br\/16\/?page_id=248"},"modified":"2025-11-03T12:29:11","modified_gmt":"2025-11-03T12:29:11","slug":"quem-visita","status":"publish","type":"page","link":"https:\/\/tubotech.com.br\/16\/quem-visita\/","title":{"rendered":"Quem Visita"},"content":{"rendered":"<p><section id=\"bt_section69dab813deb92\"  class=\"boldSection inherit\" ><div class=\"port\"><div class=\"boldCell\"><div class=\"boldCellInner\"><div class=\"boldRow \" ><div class=\"boldRowInner\"><div class=\"rowItem col-md-12 col-ms-12  btTextCenter inherit\"  ><div class=\"rowItemContent\" ><div class=\"bpgPhoto btTextCenter\" ><div class = \"btImage\"><img src=\"https:\/\/tubotech.com.br\/16\/wp-content\/uploads\/2015\/05\/img-quem-visita-tubotech.jpg\" alt=\"\" ><\/div><\/div><div class=\"btClear btSeparator bottomSemiSpaced noBorder\" ><hr><\/div><header class=\"header btClear large btDash bottomDash  btAccentDash\" ><div class=\"dash\"><h2><span class=\"headline\">Quem Visita <b class=\"animate\">a Tubotech<\/b><\/span><\/h2><\/div><\/header><div class=\"btClear btSeparator bottomSmallSpaced noBorder\" ><hr><\/div><\/div><\/div><\/div><\/div><\/div><\/div><\/div><\/section><section id=\"bt_section69dab813df140\"  class=\"boldSection bottomSmallSpaced gutter inherit\" style=\"font-size:17px;\"><div class=\"port\"><div class=\"boldCell\"><div class=\"boldCellInner\"><div class=\"boldRow \" ><div class=\"boldRowInner\"><div class=\"rowItem col-md-12 col-ms-12  btTextCenter inherit\"  ><div class=\"rowItemContent\" ><div class=\"btClear btSeparator bottomSemiSpaced noBorder\" ><hr><\/div><header class=\"header btClear medium btDash topDash  btNormalDash\" ><div class=\"dash\"><h3><span class=\"headline\">Perfil do <b class=\"animate\">Visitante<\/b><\/span><\/h3><\/div><\/header><div  class=\"bt_bb_text\" ><\/p>\n<p>\u00d3timos neg\u00f3cios esperam por voc\u00ea na <strong>TUBOTECH 2027!<\/strong><\/p>\n<p>\n<\/div><div class=\"btClear btSeparator bottomSemiSpaced noBorder\" ><hr><\/div><\/div><\/div><\/div><\/div><div class=\"boldRow \" style=\"font-size:22px;\"><div class=\"boldRowInner\"><div class=\"rowItem col-md-6 col-sm-12 btTextLeft inherit\"  ><div class=\"rowItemContent\" ><div  class=\"bt_bb_text\" ><\/p>\n<ul>\n<li><strong style=\"font-size: 20px; color: #311d87;\">37% <\/strong>Diretor\/Gerente\/Supervisor<\/li>\n<li><strong style=\"font-size: 20px; color: #311d87;\">28%<\/strong> CEO\/VP\/Propriet\u00e1rio<\/li>\n<li><strong style=\"font-size: 20px; color: #311d87;\">9% <\/strong>Vendedor<\/li>\n<li><strong style=\"font-size: 20px; color: #311d87;\">6% <\/strong>Consultor<\/li>\n<li><strong style=\"font-size: 20px; color: #311d87;\">5%<\/strong> Engenheiro\/Arquiteto<\/li>\n<\/ul>\n<p>\n<\/div><\/div><\/div><div class=\"rowItem col-md-6 col-sm-12 btTextLeft\"  ><div class=\"rowItemContent\" ><div  class=\"bt_bb_text\" ><\/p>\n<ul>\n<li><strong style=\"font-size: 20px; color: #311d87;\">5% <\/strong>Comprador<\/li>\n<li><strong style=\"font-size: 20px; color: #311d87;\">4%<\/strong> Representante<\/li>\n<li><strong style=\"font-size: 20px; color: #311d87;\">3% <\/strong>T\u00e9cnico<\/li>\n<li><strong style=\"font-size: 20px; color: #311d87;\">2% <\/strong>Operador<\/li>\n<li><strong style=\"font-size: 20px; color: #311d87;\">1%<\/strong> Projetista<\/li>\n<\/ul>\n<p>\n<\/div><\/div><\/div><\/div><\/div><\/div><\/div><\/div><\/section><section id=\"bt_section69dab813df811\"  class=\"boldSection bottomSmallSpaced inherit\" ><div class=\"port\"><div class=\"boldCell\"><div class=\"boldCellInner\"><div class=\"boldRow \" ><div class=\"boldRowInner\"><div class=\"rowItem col-md-12 col-ms-12  btTextCenter inherit\"  ><div class=\"rowItemContent\" ><div class=\"btClear btSeparator bottomSemiSpaced noBorder\" ><hr><\/div><header class=\"header btClear medium  btAccentDash\" ><div class=\"dash\"><h3><span class=\"headline\">Garanta j\u00e1 a sua participa\u00e7\u00e3o no maior evento do setor.<\/span><\/h3><\/div><\/header><a href=\"https:\/\/tubotech.com.br\/16\/data-e-local\/\" class=\"btBtn btBtn btnFilledStyle btnAccentColor btnBig btnNormalWidth btnLeftPosition btnIco\" ><span class=\"btnInnerText\">Credenciamento Gratuito<\/span><span class=\"btIco \" ><span  data-ico-fa=\"&#xf101;\" class=\"btIcoHolder\"><em><\/em><\/span><\/span><\/a><\/div><\/div><\/div><\/div><\/div><\/div><\/div><\/section><\/p>\n","protected":false},"excerpt":{"rendered":"","protected":false},"author":2,"featured_media":0,"parent":0,"menu_order":0,"comment_status":"closed","ping_status":"closed","template":"","meta":[],"aioseo_notices":[],"_links":{"self":[{"href":"https:\/\/tubotech.com.br\/16\/wp-json\/wp\/v2\/pages\/248"}],"collection":[{"href":"https:\/\/tubotech.com.br\/16\/wp-json\/wp\/v2\/pages"}],"about":[{"href":"https:\/\/tubotech.com.br\/16\/wp-json\/wp\/v2\/types\/page"}],"author":[{"embeddable":true,"href":"https:\/\/tubotech.com.br\/16\/wp-json\/wp\/v2\/users\/2"}],"replies":[{"embeddable":true,"href":"https:\/\/tubotech.com.br\/16\/wp-json\/wp\/v2\/comments?post=248"}],"version-history":[{"count":25,"href":"https:\/\/tubotech.com.br\/16\/wp-json\/wp\/v2\/pages\/248\/revisions"}],"predecessor-version":[{"id":12185,"href":"https:\/\/tubotech.com.br\/16\/wp-json\/wp\/v2\/pages\/248\/revisions\/12185"}],"wp:attachment":[{"href":"https:\/\/tubotech.com.br\/16\/wp-json\/wp\/v2\/media?parent=248"}],"curies":[{"name":"wp","href":"https:\/\/api.w.org\/{rel}","templated":true}]}}