{"id":1552,"date":"2016-03-04T18:19:38","date_gmt":"2016-03-04T18:19:38","guid":{"rendered":"http:\/\/tubotech.com.br\/16\/?page_id=1552"},"modified":"2024-07-18T17:07:44","modified_gmt":"2024-07-18T17:07:44","slug":"wire-brasil","status":"publish","type":"page","link":"https:\/\/tubotech.com.br\/16\/wire-brasil\/","title":{"rendered":"wire Brasil"},"content":{"rendered":"<p><section id=\"bt_section69dabd022be66\"  class=\"boldSection inherit\" ><div class=\"port\"><div class=\"boldCell\"><div class=\"boldCellInner\"><div class=\"boldRow \" ><div class=\"boldRowInner\"><div class=\"rowItem col-md-12 col-ms-12  btTextCenter inherit\"  ><div class=\"rowItemContent\" ><div class=\"bt_bb_separator_v2 bt_bb_border_style_none bt_bb_top_spacing_medium bt_bb_icon_size_normal bt_bb_text_size_normal bt_bb_separator_v2_without_content\" data-bt-override-class=\"null\"><div class=\"bt_bb_separator_v2_inner\"><span class=\"bt_bb_separator_v2_inner_before\"><\/span><span class=\"bt_bb_separator_v2_inner_content\"><span  data-ico-=\"\" class=\"bt_bb_icon_holder\"><\/span><\/span><span class=\"bt_bb_separator_v2_inner_after\"><\/span><\/div><\/div><header class=\"header btClear large btDash bottomDash  btNormalDash\" ><div class=\"dash\"><h2><span class=\"headline\">WIRE BRASIL<\/span><\/h2><\/div><\/header><header class=\"header btClear medium  btAlternateDash\" ><div class=\"dash\"><h3><span class=\"headline\">Feira Internacional de Fios e Cabos<\/span><\/h3><\/div><\/header><div class=\"bt_bb_separator_v2 bt_bb_border_style_none bt_bb_top_spacing_small bt_bb_icon_size_normal bt_bb_text_size_normal bt_bb_separator_v2_without_content\" data-bt-override-class=\"null\"><div class=\"bt_bb_separator_v2_inner\"><span class=\"bt_bb_separator_v2_inner_before\"><\/span><span class=\"bt_bb_separator_v2_inner_content\"><span  data-ico-=\"\" class=\"bt_bb_icon_holder\"><\/span><\/span><span class=\"bt_bb_separator_v2_inner_after\"><\/span><\/div><\/div><\/div><\/div><\/div><\/div><\/div><\/div><\/div><\/section><section id=\"bt_section69dabd022c1e4\"  class=\"boldSection gutter inherit\" style=\"font-size:17px;\"><div class=\"port\"><div class=\"boldCell\"><div class=\"boldCellInner\"><div class=\"boldRow \" ><div class=\"boldRowInner\"><div class=\"rowItem col-md-12 col-ms-12  btTextCenter inherit\"  ><div class=\"rowItemContent\" ><div class=\"bt_bb_separator_v2 bt_bb_border_style_none bt_bb_top_spacing_normal bt_bb_icon_size_normal bt_bb_text_size_normal bt_bb_separator_v2_without_content\" data-bt-override-class=\"null\"><div class=\"bt_bb_separator_v2_inner\"><span class=\"bt_bb_separator_v2_inner_before\"><\/span><span class=\"bt_bb_separator_v2_inner_content\"><span  data-ico-=\"\" class=\"bt_bb_icon_holder\"><\/span><\/span><span class=\"bt_bb_separator_v2_inner_after\"><\/span><\/div><\/div><div  class=\"bt_bb_text\" ><\/p>\n<p><a href=\"https:\/\/tubotech.com.br\/16\/wp-content\/uploads\/2024\/02\/WIRE-2025-04.jpg\"><img loading=\"lazy\" class=\"wp-image-10845 aligncenter\" src=\"https:\/\/tubotech.com.br\/16\/wp-content\/uploads\/2024\/02\/WIRE-2025-04.jpg\" alt=\"\" width=\"218\" height=\"257\" srcset=\"https:\/\/tubotech.com.br\/16\/wp-content\/uploads\/2024\/02\/WIRE-2025-04.jpg 1116w, https:\/\/tubotech.com.br\/16\/wp-content\/uploads\/2024\/02\/WIRE-2025-04-320x378.jpg 320w, https:\/\/tubotech.com.br\/16\/wp-content\/uploads\/2024\/02\/WIRE-2025-04-768x907.jpg 768w, https:\/\/tubotech.com.br\/16\/wp-content\/uploads\/2024\/02\/WIRE-2025-04-540x638.jpg 540w\" sizes=\"(max-width: 218px) 100vw, 218px\" \/><\/a><\/p>\n<p>\n<\/div><div class=\"bt_bb_separator_v2 bt_bb_border_style_none bt_bb_top_spacing_normal bt_bb_icon_size_normal bt_bb_text_size_normal bt_bb_separator_v2_without_content\" data-bt-override-class=\"null\"><div class=\"bt_bb_separator_v2_inner\"><span class=\"bt_bb_separator_v2_inner_before\"><\/span><span class=\"bt_bb_separator_v2_inner_content\"><span  data-ico-=\"\" class=\"bt_bb_icon_holder\"><\/span><\/span><span class=\"bt_bb_separator_v2_inner_after\"><\/span><\/div><\/div><\/div><\/div><\/div><\/div><div class=\"boldRow \" ><div class=\"boldRowInner\"><div class=\"rowItem col-md-12 col-ms-12  btTextLeft inherit\"  ><div class=\"rowItemContent\" ><div class=\"btText\" ><\/p>\n<p>A\u00a0<strong>wire Brasil<\/strong>\u00a0\u00e9 o \u00fanico evento na Am\u00e9rica Latina a congregar as mais recentes tecnologias, produtos e servi\u00e7os na fabrica\u00e7\u00e3o e processamento de fios e cabos, al\u00e9m de atrair compradores de toda a cadeia produtiva em um ambiente prop\u00edcio para a gera\u00e7\u00e3o de neg\u00f3cios e networking.<\/p>\n<p>Em 2025, chega \u00e0 sua\u00a0<strong>7\u00aa edi\u00e7\u00e3o<\/strong>\u00a0focada em otimizar a experi\u00eancia de seus expositores e visitantes, com novas ferramentas digitais dispon\u00edveis para a sua empresa se conectar com um p\u00fablico \u00e1vido por informa\u00e7\u00e3o e conquistar novos parceiros. Entre os setores presentes est\u00e3o\u00a0<strong>fios e cabos, m\u00e1quinas, equipamentos e acess\u00f3rios, al\u00e9m de log\u00edstica e servi\u00e7os diversos<\/strong>.<\/p>\n<p>A wire Brasil\u00e9 um evento bienal,\u00a0com organiza\u00e7\u00e3o e promo\u00e7\u00e3o da\u00a0<strong><a title=\"http:\/\/www.fieramilano.com.br\/\" href=\"http:\/\/www.fieramilano.com.br\/\" target=\"_blank\" rel=\"noopener\">Fiera Milano Brasil<\/a><\/strong>, e acontecer\u00e1 entre os dias 29 a 31 de outubro de 2025, no S\u00e3o Paulo Expo Exhibition &amp; Convention Center, em S\u00e3o Paulo, juntamente com a\u00a0<strong>13\u00aa edi\u00e7\u00e3o<\/strong>\u00a0da\u00a0<a title=\"http:\/\/www.tubotech.com.br\/\" href=\"http:\/\/www.tubotech.com.br\/\" target=\"_blank\" rel=\"noopener\"><strong>Tubotech \u2013 Feira Internacional de Tubos, V\u00e1lvulas, Bombas, Conex\u00f5es e Componentes<\/strong><\/a>, cujos produtos e visitantes t\u00eam grande sinergia com os p\u00fablicos da wire Brasil.<\/p>\n<p>\n<\/div><div class=\"bt_bb_separator_v2 bt_bb_border_style_none bt_bb_top_spacing_normal bt_bb_icon_size_normal bt_bb_text_size_normal bt_bb_separator_v2_without_content\" data-bt-override-class=\"null\"><div class=\"bt_bb_separator_v2_inner\"><span class=\"bt_bb_separator_v2_inner_before\"><\/span><span class=\"bt_bb_separator_v2_inner_content\"><span  data-ico-=\"\" class=\"bt_bb_icon_holder\"><\/span><\/span><span class=\"bt_bb_separator_v2_inner_after\"><\/span><\/div><\/div><\/div><\/div><\/div><\/div><div class=\"boldRow \" ><div class=\"boldRowInner\"><div class=\"rowItem col-md-12 col-ms-12  btTextCenter inherit\"  ><div class=\"rowItemContent\" ><header class=\"header btClear medium btDash bottomDash  btAlternateDash\" ><div class=\"dash\"><h3><span class=\"headline\">Quem Visita<\/span><\/h3><\/div><\/header><div class=\"bt_bb_separator_v2 bt_bb_border_style_none bt_bb_top_spacing_normal bt_bb_icon_size_normal bt_bb_text_size_normal bt_bb_separator_v2_without_content\" data-bt-override-class=\"null\"><div class=\"bt_bb_separator_v2_inner\"><span class=\"bt_bb_separator_v2_inner_before\"><\/span><span class=\"bt_bb_separator_v2_inner_content\"><span  data-ico-=\"\" class=\"bt_bb_icon_holder\"><\/span><\/span><span class=\"bt_bb_separator_v2_inner_after\"><\/span><\/div><\/div><\/div><\/div><\/div><\/div><div class=\"boldRow \" ><div class=\"boldRowInner\"><div class=\"rowItem col-md-6 col-sm-12 btTextLeft inherit\"  ><div class=\"rowItemContent\" ><div class=\"btText\" ><\/p>\n<ul>\n<li>Arquitetos;<\/li>\n<li>Compradores;<\/li>\n<li>Consultores;<\/li>\n<li>Controllers;<\/li>\n<li>Diretores;<\/li>\n<li>Engenheiros;<\/li>\n<li>Especificadores;<\/li>\n<\/ul>\n<p>\n<\/div><div class=\"bt_bb_separator_v2 bt_bb_border_style_none bt_bb_top_spacing_normal bt_bb_icon_size_normal bt_bb_text_size_normal bt_bb_separator_v2_without_content\" data-bt-override-class=\"null\"><div class=\"bt_bb_separator_v2_inner\"><span class=\"bt_bb_separator_v2_inner_before\"><\/span><span class=\"bt_bb_separator_v2_inner_content\"><span  data-ico-=\"\" class=\"bt_bb_icon_holder\"><\/span><\/span><span class=\"bt_bb_separator_v2_inner_after\"><\/span><\/div><\/div><\/div><\/div><div class=\"rowItem col-md-6 col-sm-12 btTextLeft inherit\"  ><div class=\"rowItemContent\" ><div class=\"btText\" ><\/p>\n<ul>\n<li>Fabricantes e importadores de m\u00e1quinas;<\/li>\n<li>Gerentes;<\/li>\n<li>Gestores de manuten\u00e7\u00e3o industrial;<\/li>\n<li>Importadores;<\/li>\n<li>Projetistas;<\/li>\n<li>Supervisores;<\/li>\n<li>T\u00e9cnicos.<\/li>\n<\/ul>\n<p>\n<\/div><div class=\"bt_bb_separator_v2 bt_bb_border_style_none bt_bb_top_spacing_normal bt_bb_icon_size_normal bt_bb_text_size_normal bt_bb_separator_v2_without_content\" data-bt-override-class=\"null\"><div class=\"bt_bb_separator_v2_inner\"><span class=\"bt_bb_separator_v2_inner_before\"><\/span><span class=\"bt_bb_separator_v2_inner_content\"><span  data-ico-=\"\" class=\"bt_bb_icon_holder\"><\/span><\/span><span class=\"bt_bb_separator_v2_inner_after\"><\/span><\/div><\/div><\/div><\/div><\/div><\/div><div class=\"boldRow \" ><div class=\"boldRowInner\"><div class=\"rowItem col-md-12 col-ms-12  btTextCenter inherit\"  ><div class=\"rowItemContent\" ><header class=\"header btClear medium btDash bottomDash  btAlternateDash\" ><div class=\"dash\"><h3><span class=\"headline\">Setores de Atua\u00e7\u00e3o<\/span><\/h3><\/div><\/header><div class=\"bt_bb_separator_v2 bt_bb_border_style_none bt_bb_top_spacing_normal bt_bb_icon_size_normal bt_bb_text_size_normal bt_bb_separator_v2_without_content\" data-bt-override-class=\"null\"><div class=\"bt_bb_separator_v2_inner\"><span class=\"bt_bb_separator_v2_inner_before\"><\/span><span class=\"bt_bb_separator_v2_inner_content\"><span  data-ico-=\"\" class=\"bt_bb_icon_holder\"><\/span><\/span><span class=\"bt_bb_separator_v2_inner_after\"><\/span><\/div><\/div><\/div><\/div><\/div><\/div><div class=\"boldRow \" ><div class=\"boldRowInner\"><div class=\"rowItem col-md-6 col-sm-12 btTextLeft inherit\"  ><div class=\"rowItemContent\" ><div class=\"btText\" ><\/p>\n<ul>\n<li>Fabricante de Fios\/Arames e M\u00e1quinas de Acabamento<\/li>\n<li>Ferramentas de Tecnologia<\/li>\n<li>Materiais de Tecnologia de Processos Auxiliares<\/li>\n<li>Materiais, Fios\/Arames Especiais e Cabos<\/li>\n<\/ul>\n<p>\n<\/div><div class=\"bt_bb_separator_v2 bt_bb_border_style_none bt_bb_top_spacing_normal bt_bb_icon_size_normal bt_bb_text_size_normal bt_bb_separator_v2_without_content\" data-bt-override-class=\"null\"><div class=\"bt_bb_separator_v2_inner\"><span class=\"bt_bb_separator_v2_inner_before\"><\/span><span class=\"bt_bb_separator_v2_inner_content\"><span  data-ico-=\"\" class=\"bt_bb_icon_holder\"><\/span><\/span><span class=\"bt_bb_separator_v2_inner_after\"><\/span><\/div><\/div><\/div><\/div><div class=\"rowItem col-md-6 col-sm-12 btTextLeft inherit\"  ><div class=\"rowItemContent\" ><div class=\"btText\" ><\/p>\n<ul>\n<li>Qu\u00edmicos e Derivados<\/li>\n<li>Servi\u00e7os e Projetos<\/li>\n<li>Tecnologia de Media\u00e7\u00e3o e Controle<\/li>\n<li>Pol\u00edmeros<\/li>\n<\/ul>\n<p>\n<\/div><div class=\"bt_bb_separator_v2 bt_bb_border_style_none bt_bb_top_spacing_normal bt_bb_icon_size_normal bt_bb_text_size_normal bt_bb_separator_v2_without_content\" data-bt-override-class=\"null\"><div class=\"bt_bb_separator_v2_inner\"><span class=\"bt_bb_separator_v2_inner_before\"><\/span><span class=\"bt_bb_separator_v2_inner_content\"><span  data-ico-=\"\" class=\"bt_bb_icon_holder\"><\/span><\/span><span class=\"bt_bb_separator_v2_inner_after\"><\/span><\/div><\/div><\/div><\/div><\/div><\/div><div class=\"boldRow \" ><div class=\"boldRowInner\"><div class=\"rowItem col-md-12 col-ms-12  btTextLeft inherit\"  ><div class=\"rowItemContent\" ><div class=\"btText\" ><\/p>\n<div>\n<p style=\"text-align: center;\">Para visitar o site e conhecer mais sobre o evento, acesse <strong><a href=\"http:\/\/www.wirebrasil.com.br\" target=\"_blank\" rel=\"noopener\">http:\/\/www.wirebrasil.com.br<\/a><\/strong><\/p>\n<\/div>\n<p>\n<\/div><div class=\"bt_bb_separator_v2 bt_bb_border_style_none bt_bb_top_spacing_normal bt_bb_icon_size_normal bt_bb_text_size_normal bt_bb_separator_v2_without_content\" data-bt-override-class=\"null\"><div class=\"bt_bb_separator_v2_inner\"><span class=\"bt_bb_separator_v2_inner_before\"><\/span><span class=\"bt_bb_separator_v2_inner_content\"><span  data-ico-=\"\" class=\"bt_bb_icon_holder\"><\/span><\/span><span class=\"bt_bb_separator_v2_inner_after\"><\/span><\/div><\/div><\/div><\/div><\/div><\/div><\/div><\/div><\/div><\/section><\/p>\n","protected":false},"excerpt":{"rendered":"","protected":false},"author":2,"featured_media":0,"parent":0,"menu_order":0,"comment_status":"closed","ping_status":"closed","template":"","meta":[],"aioseo_notices":[],"_links":{"self":[{"href":"https:\/\/tubotech.com.br\/16\/wp-json\/wp\/v2\/pages\/1552"}],"collection":[{"href":"https:\/\/tubotech.com.br\/16\/wp-json\/wp\/v2\/pages"}],"about":[{"href":"https:\/\/tubotech.com.br\/16\/wp-json\/wp\/v2\/types\/page"}],"author":[{"embeddable":true,"href":"https:\/\/tubotech.com.br\/16\/wp-json\/wp\/v2\/users\/2"}],"replies":[{"embeddable":true,"href":"https:\/\/tubotech.com.br\/16\/wp-json\/wp\/v2\/comments?post=1552"}],"version-history":[{"count":30,"href":"https:\/\/tubotech.com.br\/16\/wp-json\/wp\/v2\/pages\/1552\/revisions"}],"predecessor-version":[{"id":10946,"href":"https:\/\/tubotech.com.br\/16\/wp-json\/wp\/v2\/pages\/1552\/revisions\/10946"}],"wp:attachment":[{"href":"https:\/\/tubotech.com.br\/16\/wp-json\/wp\/v2\/media?parent=1552"}],"curies":[{"name":"wp","href":"https:\/\/api.w.org\/{rel}","templated":true}]}}